{"id":108,"date":"2015-12-21T17:01:44","date_gmt":"2015-12-21T17:01:44","guid":{"rendered":"http:\/\/www.leedumoobel.ee\/?page_id=108"},"modified":"2016-08-04T22:22:40","modified_gmt":"2016-08-04T21:22:40","slug":"info","status":"publish","type":"page","link":"https:\/\/www.leedumoobel.ee\/en\/info\/","title":{"rendered":"Information"},"content":{"rendered":"<p>Information<\/p>\n<p>&nbsp;<\/p>\n<p><\/p>\n<p>&nbsp;<\/p>","protected":false},"excerpt":{"rendered":"<p>Information &nbsp; &nbsp;<\/p>\n","protected":false},"author":3,"featured_media":0,"parent":0,"menu_order":0,"comment_status":"closed","ping_status":"closed","template":"","meta":{"jetpack_post_was_ever_published":false,"footnotes":""},"class_list":["post-108","page","type-page","status-publish","hentry"],"jetpack_sharing_enabled":true,"jetpack_shortlink":"https:\/\/wp.me\/P7318K-1K","jetpack-related-posts":[{"id":44,"url":"https:\/\/www.leedumoobel.ee\/en\/kontakt\/","url_meta":{"origin":108,"position":0},"title":"Contact","date":"Thursday December 17th, 2015","format":false,"excerpt":"LEEDU M\u00d6\u00d6BEL T\u00f6\u00f6aeg: E-R kokkuleppel E-post: info[at]leedumoobel.ee Skype: leedumoobel Aadress: Katusepapi 35,Tallinn","rel":"","context":"Similar post","img":{"alt_text":"","src":"","width":0,"height":0},"classes":[]},{"id":9,"url":"https:\/\/www.leedumoobel.ee\/en\/","url_meta":{"origin":108,"position":1},"title":"Catalog","date":"Thursday December 17th, 2015","format":false,"excerpt":"Couches Corner sofas Sofas Bedrooms Sections \u0421hildren's room Transform tables Armchair Anteroom Pouffes Beds Coffee tables Dresser Chairs Luxury furniture Kitchens Office Chairs Tables","rel":"","context":"Similar post","img":{"alt_text":"","src":"https:\/\/i0.wp.com\/www.leedumoobel.ee\/wp-content\/uploads\/2015\/12\/kateg_ku6.jpg?resize=350%2C200","width":350,"height":200},"classes":[]},{"id":2176,"url":"https:\/\/www.leedumoobel.ee\/en\/testee\/sooduspakkumised\/","url_meta":{"origin":108,"position":2},"title":"Sale","date":"Thursday April 26th, 2018","format":false,"excerpt":"","rel":"","context":"Similar post","img":{"alt_text":"","src":"","width":0,"height":0},"classes":[]},{"id":2187,"url":"https:\/\/www.leedumoobel.ee\/en\/testee\/voodid\/","url_meta":{"origin":108,"position":3},"title":"Beds","date":"Friday April 27th, 2018","format":false,"excerpt":"","rel":"","context":"Similar post","img":{"alt_text":"","src":"","width":0,"height":0},"classes":[]},{"id":2242,"url":"https:\/\/www.leedumoobel.ee\/en\/testee\/lauad\/","url_meta":{"origin":108,"position":4},"title":"Tables","date":"Wednesday May  9th, 2018","format":false,"excerpt":"","rel":"","context":"Similar post","img":{"alt_text":"","src":"","width":0,"height":0},"classes":[]},{"id":2245,"url":"https:\/\/www.leedumoobel.ee\/en\/testee\/toolid\/","url_meta":{"origin":108,"position":5},"title":"Chairs","date":"Wednesday May  9th, 2018","format":false,"excerpt":"","rel":"","context":"Similar post","img":{"alt_text":"","src":"","width":0,"height":0},"classes":[]}],"_links":{"self":[{"href":"https:\/\/www.leedumoobel.ee\/en\/wp-json\/wp\/v2\/pages\/108","targetHints":{"allow":["GET"]}}],"collection":[{"href":"https:\/\/www.leedumoobel.ee\/en\/wp-json\/wp\/v2\/pages"}],"about":[{"href":"https:\/\/www.leedumoobel.ee\/en\/wp-json\/wp\/v2\/types\/page"}],"author":[{"embeddable":true,"href":"https:\/\/www.leedumoobel.ee\/en\/wp-json\/wp\/v2\/users\/3"}],"replies":[{"embeddable":true,"href":"https:\/\/www.leedumoobel.ee\/en\/wp-json\/wp\/v2\/comments?post=108"}],"version-history":[{"count":11,"href":"https:\/\/www.leedumoobel.ee\/en\/wp-json\/wp\/v2\/pages\/108\/revisions"}],"predecessor-version":[{"id":1514,"href":"https:\/\/www.leedumoobel.ee\/en\/wp-json\/wp\/v2\/pages\/108\/revisions\/1514"}],"wp:attachment":[{"href":"https:\/\/www.leedumoobel.ee\/en\/wp-json\/wp\/v2\/media?parent=108"}],"curies":[{"name":"wp","href":"https:\/\/api.w.org\/{rel}","templated":true}]}}