{"id":44,"date":"2015-12-17T01:39:59","date_gmt":"2015-12-17T01:39:59","guid":{"rendered":"http:\/\/www.leedumoobel.ee\/?page_id=44"},"modified":"2023-01-03T09:36:19","modified_gmt":"2023-01-03T09:36:19","slug":"kontakt","status":"publish","type":"page","link":"https:\/\/www.leedumoobel.ee\/en\/kontakt\/","title":{"rendered":"Contact"},"content":{"rendered":"<h4 style=\"text-align: center;\"><\/h4>\n<h4 style=\"text-align: center;\"><\/h4>\n<h1 style=\"text-align: center;\">LEEDU M\u00d6\u00d6BEL<\/h1>\n<h4 style=\"text-align: center;\"><\/h4>\n<h4 style=\"text-align: center;\">T\u00f6\u00f6aeg: E-R kokkuleppel<\/h4>\n<h4 style=\"text-align: center;\">E-post: info[at]leedumoobel.ee<\/h4>\n<h4 style=\"text-align: center;\">Skype: leedumoobel<\/h4>\n<h4 style=\"text-align: center;\">Aadress: Katusepapi 35,Tallinn<\/h4>\n","protected":false},"excerpt":{"rendered":"<p>LEEDU M\u00d6\u00d6BEL T\u00f6\u00f6aeg: E-R kokkuleppel E-post: info[at]leedumoobel.ee Skype: leedumoobel Aadress: Katusepapi 35,Tallinn<\/p>\n","protected":false},"author":3,"featured_media":0,"parent":0,"menu_order":0,"comment_status":"closed","ping_status":"closed","template":"","meta":{"jetpack_post_was_ever_published":false,"footnotes":""},"class_list":["post-44","page","type-page","status-publish","hentry"],"jetpack_sharing_enabled":true,"jetpack_shortlink":"https:\/\/wp.me\/P7318K-I","jetpack-related-posts":[],"_links":{"self":[{"href":"https:\/\/www.leedumoobel.ee\/en\/wp-json\/wp\/v2\/pages\/44","targetHints":{"allow":["GET"]}}],"collection":[{"href":"https:\/\/www.leedumoobel.ee\/en\/wp-json\/wp\/v2\/pages"}],"about":[{"href":"https:\/\/www.leedumoobel.ee\/en\/wp-json\/wp\/v2\/types\/page"}],"author":[{"embeddable":true,"href":"https:\/\/www.leedumoobel.ee\/en\/wp-json\/wp\/v2\/users\/3"}],"replies":[{"embeddable":true,"href":"https:\/\/www.leedumoobel.ee\/en\/wp-json\/wp\/v2\/comments?post=44"}],"version-history":[{"count":31,"href":"https:\/\/www.leedumoobel.ee\/en\/wp-json\/wp\/v2\/pages\/44\/revisions"}],"predecessor-version":[{"id":2509,"href":"https:\/\/www.leedumoobel.ee\/en\/wp-json\/wp\/v2\/pages\/44\/revisions\/2509"}],"wp:attachment":[{"href":"https:\/\/www.leedumoobel.ee\/en\/wp-json\/wp\/v2\/media?parent=44"}],"curies":[{"name":"wp","href":"https:\/\/api.w.org\/{rel}","templated":true}]}}