{"id":9,"date":"2015-12-17T00:03:33","date_gmt":"2015-12-17T00:03:33","guid":{"rendered":"http:\/\/www.leedumoobel.ee\/?page_id=9"},"modified":"2019-06-14T10:12:28","modified_gmt":"2019-06-14T09:12:28","slug":"testee","status":"publish","type":"page","link":"https:\/\/www.leedumoobel.ee\/et\/","title":{"rendered":"Kataloog"},"content":{"rendered":"<p><\/p>\n<table>\n<tbody>\n<tr>\n<td style=\"text-align: center;\" colspan=\"3\"><a href=\"http:\/\/www.leedumoobel.ee\/testee\/sooduspakkumised\/\"><br \/>\n<img loading=\"lazy\" decoding=\"async\" class=\"aligncenter wp-image-2222 size-full\" src=\"http:\/\/www.leedumoobel.ee\/wp-content\/uploads\/2018\/05\/images.jpg\" alt=\"\" width=\"404\" height=\"125\" srcset=\"https:\/\/www.leedumoobel.ee\/wp-content\/uploads\/2018\/05\/images.jpg 404w, https:\/\/www.leedumoobel.ee\/wp-content\/uploads\/2018\/05\/images-300x93.jpg 300w\" sizes=\"auto, (max-width: 404px) 100vw, 404px\" \/><\/a><\/td>\n<\/tr>\n<tr>\n<td style=\"text-align: center;\"><a href=\"http:\/\/www.leedumoobel.ee\/testee\/kusettid\/\"><img loading=\"lazy\" decoding=\"async\" class=\"aligncenter size-full wp-image-12\" src=\"http:\/\/www.leedumoobel.ee\/wp-content\/uploads\/2015\/12\/kateg_ku6.jpg\" alt=\"kateg_ku6\" width=\"225\" height=\"200\" \/><\/a><\/p>\n<h3>Ku\u0161etid<\/h3>\n<\/td>\n<td style=\"text-align: center;\"><a href=\"http:\/\/www.leedumoobel.ee\/testee\/nurgadiivanid\/\"><img loading=\"lazy\" decoding=\"async\" class=\"aligncenter size-full wp-image-23\" src=\"http:\/\/www.leedumoobel.ee\/wp-content\/uploads\/2015\/12\/kateg_nur.jpg\" alt=\"kateg_nur\" width=\"225\" height=\"200\" \/><\/a><\/p>\n<h3>Nurgadiivanid<\/h3>\n<\/td>\n<td style=\"text-align: center;\"><a href=\"http:\/\/www.leedumoobel.ee\/testee\/diivanid\/\"><img loading=\"lazy\" decoding=\"async\" class=\"aligncenter size-full wp-image-38\" src=\"http:\/\/www.leedumoobel.ee\/wp-content\/uploads\/2015\/12\/kateg_divan.jpg\" alt=\"kateg_divan\" width=\"225\" height=\"200\" \/><\/a><\/p>\n<h3>Diivanid<\/h3>\n<\/td>\n<\/tr>\n<tr>\n<td style=\"text-align: center;\"><a href=\"http:\/\/www.leedumoobel.ee\/testee\/magamistuba\/\"><img loading=\"lazy\" decoding=\"async\" class=\"aligncenter wp-image-112 size-full\" src=\"http:\/\/www.leedumoobel.ee\/wp-content\/uploads\/2015\/12\/kateg_magamtoa1.jpg\" alt=\"\" width=\"225\" height=\"200\" \/><\/a><\/p>\n<h3>Magamistuba<\/h3>\n<\/td>\n<td style=\"text-align: center;\"><a href=\"http:\/\/www.leedumoobel.ee\/testee\/sektsioonid\/\"><img loading=\"lazy\" decoding=\"async\" class=\"aligncenter wp-image-116 size-full\" src=\"http:\/\/www.leedumoobel.ee\/wp-content\/uploads\/2018\/04\/sektsii.jpg\" alt=\"\" width=\"225\" height=\"200\" \/><\/a><\/p>\n<h3>Sektsioonid<\/h3>\n<\/td>\n<td style=\"text-align: center;\"><a href=\"http:\/\/www.leedumoobel.ee\/testee\/lastetuba\/\"><img loading=\"lazy\" decoding=\"async\" class=\"aligncenter wp-image-92 size-full\" src=\"http:\/\/www.leedumoobel.ee\/wp-content\/uploads\/2015\/12\/kateg_laste.jpg\" alt=\"\" width=\"225\" height=\"200\" \/><\/a><\/p>\n<h3>Lastetuba<\/h3>\n<\/td>\n<\/tr>\n<tr>\n<td style=\"text-align: center;\"><a href=\"http:\/\/www.leedumoobel.ee\/testee\/laud-transformer\/\"><img loading=\"lazy\" decoding=\"async\" class=\"aligncenter wp-image-114 size-full\" src=\"http:\/\/www.leedumoobel.ee\/wp-content\/uploads\/2015\/12\/kateg_laudtrans1.jpg\" alt=\"\" width=\"225\" height=\"200\" \/><\/a><\/p>\n<h3>Laud transformer<\/h3>\n<\/td>\n<td style=\"text-align: center;\"><a href=\"http:\/\/www.leedumoobel.ee\/testee\/tuugitoolid\/\"><img loading=\"lazy\" decoding=\"async\" class=\"aligncenter wp-image-119 size-full\" src=\"http:\/\/www.leedumoobel.ee\/wp-content\/uploads\/2015\/12\/kateg_tugi1.jpg\" alt=\"\" width=\"225\" height=\"200\" \/><\/a><\/p>\n<h3>Tugitoolid<\/h3>\n<\/td>\n<td style=\"text-align: center;\"><a href=\"http:\/\/www.leedumoobel.ee\/testee\/esik\/\"><img loading=\"lazy\" decoding=\"async\" class=\"aligncenter wp-image-124 size-full\" src=\"http:\/\/www.leedumoobel.ee\/wp-content\/uploads\/2015\/12\/kateg_esik1.jpg\" alt=\"\" width=\"225\" height=\"200\" \/><\/a><\/p>\n<h3>Esik<\/h3>\n<\/td>\n<\/tr>\n<tr>\n<td style=\"text-align: center;\"><a href=\"http:\/\/www.leedumoobel.ee\/testee\/tumba\/\"><img loading=\"lazy\" decoding=\"async\" class=\"aligncenter wp-image-966 size-full\" src=\"http:\/\/www.leedumoobel.ee\/wp-content\/uploads\/2016\/01\/puff1.jpg\" alt=\"\" width=\"225\" height=\"200\" \/><\/a><\/p>\n<h3>Tumba<\/h3>\n<\/td>\n<td style=\"text-align: center;\"><a href=\"http:\/\/www.leedumoobel.ee\/testee\/voodid\/\"><img loading=\"lazy\" decoding=\"async\" class=\"aligncenter wp-image-961 size-full\" src=\"http:\/\/www.leedumoobel.ee\/wp-content\/uploads\/2018\/04\/krov.jpg\" alt=\"\" width=\"225\" height=\"200\" \/><\/a><\/p>\n<h3>Voodid<\/h3>\n<\/td>\n<td style=\"text-align: center;\"><a href=\"http:\/\/www.leedumoobel.ee\/testee\/diivanilauad\/\"><img loading=\"lazy\" decoding=\"async\" class=\"aligncenter wp-image-968 size-full\" src=\"http:\/\/www.leedumoobel.ee\/wp-content\/uploads\/2016\/01\/zurstol1.jpg\" alt=\"\" width=\"225\" height=\"200\" \/><\/a><\/p>\n<h3>Diivanilauad<\/h3>\n<\/td>\n<\/tr>\n<tr>\n<td style=\"text-align: center;\"><a href=\"http:\/\/www.leedumoobel.ee\/testee\/kummutid\/\"><img loading=\"lazy\" decoding=\"async\" class=\"aligncenter wp-image-969 size-full\" src=\"http:\/\/www.leedumoobel.ee\/wp-content\/uploads\/2016\/01\/komodi1.jpg\" alt=\"\" width=\"223\" height=\"200\" \/><\/a><\/p>\n<h3>Kummutid<\/h3>\n<\/td>\n<td style=\"text-align: center;\"><a href=\"http:\/\/www.leedumoobel.ee\/testee\/toolid\/\"><img loading=\"lazy\" decoding=\"async\" class=\"aligncenter wp-image-969 size-full\" src=\"http:\/\/www.leedumoobel.ee\/wp-content\/uploads\/2018\/05\/kuhn-stul.jpg\" alt=\"\" width=\"225\" height=\"200\" \/><\/a><\/p>\n<h3>Toolid<\/h3>\n<\/td>\n<td style=\"text-align: center;\"><a href=\"http:\/\/www.leedumoobel.ee\/testee\/lux-moobel\/\"><img loading=\"lazy\" decoding=\"async\" class=\"aligncenter wp-image-969 size-full\" src=\"http:\/\/www.leedumoobel.ee\/wp-content\/uploads\/2018\/04\/lux.jpg\" alt=\"\" width=\"225\" height=\"200\" \/><\/a><\/p>\n<h3>Lux m\u00f6\u00f6bel<\/h3>\n<\/td>\n<\/tr>\n<tr>\n<td style=\"text-align: center;\"><a href=\"http:\/\/www.leedumoobel.ee\/testee\/koogid\/\"><img loading=\"lazy\" decoding=\"async\" class=\"aligncenter wp-image-969 size-full\" src=\"http:\/\/www.leedumoobel.ee\/wp-content\/uploads\/2018\/05\/kuhni.jpg\" alt=\"\" width=\"225\" height=\"200\" \/><\/a><\/p>\n<h3>K\u00f6\u00f6gid<\/h3>\n<\/td>\n<td style=\"text-align: center;\"><a href=\"http:\/\/www.leedumoobel.ee\/testee\/burootoolid\/\"><img loading=\"lazy\" decoding=\"async\" class=\"aligncenter wp-image-969 size-full\" src=\"http:\/\/www.leedumoobel.ee\/wp-content\/uploads\/2018\/05\/office-char.jpg\" alt=\"\" width=\"225\" height=\"200\" \/><\/a><\/p>\n<h3>B\u00fcrootoolid<\/h3>\n<\/td>\n<td style=\"text-align: center;\"><a href=\"http:\/\/www.leedumoobel.ee\/testee\/lauad\/\"><img loading=\"lazy\" decoding=\"async\" class=\"aligncenter wp-image-969 size-full\" src=\"http:\/\/www.leedumoobel.ee\/wp-content\/uploads\/2018\/05\/stoli.jpg\" alt=\"\" width=\"225\" height=\"200\" \/><\/a><\/p>\n<h3>Lauad<\/h3>\n<\/td>\n<\/tr>\n<\/tbody>\n<\/table>\n<p><\/p>","protected":false},"excerpt":{"rendered":"<p>Ku\u0161etid Nurgadiivanid Diivanid Magamistuba Sektsioonid Lastetuba Laud transformer Tugitoolid Esik Tumba Voodid Diivanilauad Kummutid Toolid Lux m\u00f6\u00f6bel K\u00f6\u00f6gid B\u00fcrootoolid Lauad<\/p>\n","protected":false},"author":3,"featured_media":0,"parent":0,"menu_order":0,"comment_status":"closed","ping_status":"closed","template":"","meta":{"jetpack_post_was_ever_published":false,"footnotes":""},"class_list":["post-9","page","type-page","status-publish","hentry"],"jetpack_sharing_enabled":true,"jetpack_shortlink":"https:\/\/wp.me\/P7318K-9","jetpack-related-posts":[{"id":108,"url":"https:\/\/www.leedumoobel.ee\/et\/info\/","url_meta":{"origin":9,"position":0},"title":"Info","date":"Monday December 21st, 2015","format":false,"excerpt":"Information \u00a0","rel":"","context":"Similar post","img":{"alt_text":"","src":"","width":0,"height":0},"classes":[]},{"id":2176,"url":"https:\/\/www.leedumoobel.ee\/et\/testee\/sooduspakkumised\/","url_meta":{"origin":9,"position":1},"title":"Sooduspakkumised","date":"Thursday April 26th, 2018","format":false,"excerpt":"","rel":"","context":"Similar post","img":{"alt_text":"","src":"","width":0,"height":0},"classes":[]},{"id":2187,"url":"https:\/\/www.leedumoobel.ee\/et\/testee\/voodid\/","url_meta":{"origin":9,"position":2},"title":"Voodid","date":"Friday April 27th, 2018","format":false,"excerpt":"","rel":"","context":"Similar post","img":{"alt_text":"","src":"","width":0,"height":0},"classes":[]},{"id":2242,"url":"https:\/\/www.leedumoobel.ee\/et\/testee\/lauad\/","url_meta":{"origin":9,"position":3},"title":"Lauad","date":"Wednesday May  9th, 2018","format":false,"excerpt":"","rel":"","context":"Similar post","img":{"alt_text":"","src":"","width":0,"height":0},"classes":[]},{"id":2245,"url":"https:\/\/www.leedumoobel.ee\/et\/testee\/toolid\/","url_meta":{"origin":9,"position":4},"title":"Toolid","date":"Wednesday May  9th, 2018","format":false,"excerpt":"","rel":"","context":"Similar post","img":{"alt_text":"","src":"","width":0,"height":0},"classes":[]},{"id":2249,"url":"https:\/\/www.leedumoobel.ee\/et\/testee\/koogid\/","url_meta":{"origin":9,"position":5},"title":"K\u00f6\u00f6gid","date":"Wednesday May  9th, 2018","format":false,"excerpt":"","rel":"","context":"Similar post","img":{"alt_text":"","src":"","width":0,"height":0},"classes":[]}],"_links":{"self":[{"href":"https:\/\/www.leedumoobel.ee\/et\/wp-json\/wp\/v2\/pages\/9","targetHints":{"allow":["GET"]}}],"collection":[{"href":"https:\/\/www.leedumoobel.ee\/et\/wp-json\/wp\/v2\/pages"}],"about":[{"href":"https:\/\/www.leedumoobel.ee\/et\/wp-json\/wp\/v2\/types\/page"}],"author":[{"embeddable":true,"href":"https:\/\/www.leedumoobel.ee\/et\/wp-json\/wp\/v2\/users\/3"}],"replies":[{"embeddable":true,"href":"https:\/\/www.leedumoobel.ee\/et\/wp-json\/wp\/v2\/comments?post=9"}],"version-history":[{"count":115,"href":"https:\/\/www.leedumoobel.ee\/et\/wp-json\/wp\/v2\/pages\/9\/revisions"}],"predecessor-version":[{"id":2385,"href":"https:\/\/www.leedumoobel.ee\/et\/wp-json\/wp\/v2\/pages\/9\/revisions\/2385"}],"wp:attachment":[{"href":"https:\/\/www.leedumoobel.ee\/et\/wp-json\/wp\/v2\/media?parent=9"}],"curies":[{"name":"wp","href":"https:\/\/api.w.org\/{rel}","templated":true}]}}