{"id":108,"date":"2015-12-21T17:01:44","date_gmt":"2015-12-21T17:01:44","guid":{"rendered":"http:\/\/www.leedumoobel.ee\/?page_id=108"},"modified":"2016-08-04T22:22:40","modified_gmt":"2016-08-04T21:22:40","slug":"info","status":"publish","type":"page","link":"https:\/\/www.leedumoobel.ee\/ru\/info\/","title":{"rendered":"\u0418\u043d\u0444\u043e\u0440\u043c\u0430\u0446\u0438\u044f"},"content":{"rendered":"<p>\u0418\u043d\u0444\u043e\u0440\u043c\u0430\u0446\u0438\u044f<\/p>\n<p><\/p>\n<p>&nbsp;<\/p>","protected":false},"excerpt":{"rendered":"<p>\u0418\u043d\u0444\u043e\u0440\u043c\u0430\u0446\u0438\u044f &nbsp;<\/p>\n","protected":false},"author":3,"featured_media":0,"parent":0,"menu_order":0,"comment_status":"closed","ping_status":"closed","template":"","meta":{"jetpack_post_was_ever_published":false,"footnotes":""},"class_list":["post-108","page","type-page","status-publish","hentry"],"jetpack_sharing_enabled":true,"jetpack_shortlink":"https:\/\/wp.me\/P7318K-1K","jetpack-related-posts":[{"id":44,"url":"https:\/\/www.leedumoobel.ee\/ru\/kontakt\/","url_meta":{"origin":108,"position":0},"title":"\u041a\u043e\u043d\u0442\u0430\u043a\u0442","date":"Thursday December 17th, 2015","format":false,"excerpt":"LEEDU M\u00d6\u00d6BEL T\u00f6\u00f6aeg: E-R kokkuleppel E-post: info[at]leedumoobel.ee Skype: leedumoobel Aadress: Katusepapi 35,Tallinn","rel":"","context":"\u041f\u043e\u0445\u043e\u0436\u0430\u044f \u0437\u0430\u043f\u0438\u0441\u044c","img":{"alt_text":"","src":"","width":0,"height":0},"classes":[]},{"id":9,"url":"https:\/\/www.leedumoobel.ee\/ru\/","url_meta":{"origin":108,"position":1},"title":"\u041a\u0430\u0442\u0430\u043b\u043e\u0433","date":"Thursday December 17th, 2015","format":false,"excerpt":"\u041a\u0443\u0448\u0435\u0442\u043a\u0438 \u0423\u0433\u043b\u043e\u0432\u044b\u0435 \u0434\u0438\u0432\u0430\u043d\u044b \u0414\u0438\u0432\u0430\u043d\u044b \u0421\u043f\u0430\u043b\u044c\u043d\u0438 \u0421\u0435\u043a\u0446\u0438\u0438 \u0414\u0435\u0442\u0441\u043a\u0430\u044f \u043a\u043e\u043c\u043d\u0430\u0442\u0430 \u0421\u0442\u043e\u043b\u044b \u0442\u0440\u0430\u043d\u0441\u0444\u043e\u0440\u043c\u0435\u0440\u044b \u041a\u0440\u0435\u0441\u043b\u0430 \u041f\u0440\u0438\u0445\u043e\u0436\u0430\u044f \u041f\u0443\u0444\u044b \u041a\u0440\u043e\u0432\u0430\u0442\u0438 \u0416\u0443\u0440\u043d\u0430\u043b\u044c\u043d\u044b\u0435 \u0441\u0442\u043e\u043b\u0438\u043a\u0438 \u041a\u043e\u043c\u043e\u0434\u044b \u0421\u0442\u0443\u043b\u044c\u044f \u041b\u044e\u043a\u0441 \u043c\u0435\u0431\u0435\u043b\u044c \u041a\u0443\u0445\u043d\u0438 \u041e\u0444\u0438\u0441\u043d\u044b\u0435 \u0441\u0442\u0443\u043b\u044c\u044f \u0421\u0442\u043e\u043b\u044b","rel":"","context":"\u041f\u043e\u0445\u043e\u0436\u0430\u044f \u0437\u0430\u043f\u0438\u0441\u044c","img":{"alt_text":"","src":"https:\/\/i0.wp.com\/www.leedumoobel.ee\/wp-content\/uploads\/2015\/12\/kateg_ku6.jpg?resize=350%2C200","width":350,"height":200},"classes":[]},{"id":2176,"url":"https:\/\/www.leedumoobel.ee\/ru\/testee\/sooduspakkumised\/","url_meta":{"origin":108,"position":2},"title":"\u0410\u043a\u0446\u0438\u0438","date":"Thursday April 26th, 2018","format":false,"excerpt":"","rel":"","context":"\u041f\u043e\u0445\u043e\u0436\u0430\u044f \u0437\u0430\u043f\u0438\u0441\u044c","img":{"alt_text":"","src":"","width":0,"height":0},"classes":[]},{"id":2187,"url":"https:\/\/www.leedumoobel.ee\/ru\/testee\/voodid\/","url_meta":{"origin":108,"position":3},"title":"\u041a\u0440\u043e\u0432\u0430\u0442\u0438","date":"Friday April 27th, 2018","format":false,"excerpt":"","rel":"","context":"\u041f\u043e\u0445\u043e\u0436\u0430\u044f \u0437\u0430\u043f\u0438\u0441\u044c","img":{"alt_text":"","src":"","width":0,"height":0},"classes":[]},{"id":2242,"url":"https:\/\/www.leedumoobel.ee\/ru\/testee\/lauad\/","url_meta":{"origin":108,"position":4},"title":"\u0421\u0442\u043e\u043b\u044b","date":"Wednesday May  9th, 2018","format":false,"excerpt":"","rel":"","context":"\u041f\u043e\u0445\u043e\u0436\u0430\u044f \u0437\u0430\u043f\u0438\u0441\u044c","img":{"alt_text":"","src":"","width":0,"height":0},"classes":[]},{"id":2245,"url":"https:\/\/www.leedumoobel.ee\/ru\/testee\/toolid\/","url_meta":{"origin":108,"position":5},"title":"\u0421\u0442\u0443\u043b\u044c\u044f","date":"Wednesday May  9th, 2018","format":false,"excerpt":"","rel":"","context":"\u041f\u043e\u0445\u043e\u0436\u0430\u044f \u0437\u0430\u043f\u0438\u0441\u044c","img":{"alt_text":"","src":"","width":0,"height":0},"classes":[]}],"_links":{"self":[{"href":"https:\/\/www.leedumoobel.ee\/ru\/wp-json\/wp\/v2\/pages\/108","targetHints":{"allow":["GET"]}}],"collection":[{"href":"https:\/\/www.leedumoobel.ee\/ru\/wp-json\/wp\/v2\/pages"}],"about":[{"href":"https:\/\/www.leedumoobel.ee\/ru\/wp-json\/wp\/v2\/types\/page"}],"author":[{"embeddable":true,"href":"https:\/\/www.leedumoobel.ee\/ru\/wp-json\/wp\/v2\/users\/3"}],"replies":[{"embeddable":true,"href":"https:\/\/www.leedumoobel.ee\/ru\/wp-json\/wp\/v2\/comments?post=108"}],"version-history":[{"count":11,"href":"https:\/\/www.leedumoobel.ee\/ru\/wp-json\/wp\/v2\/pages\/108\/revisions"}],"predecessor-version":[{"id":1514,"href":"https:\/\/www.leedumoobel.ee\/ru\/wp-json\/wp\/v2\/pages\/108\/revisions\/1514"}],"wp:attachment":[{"href":"https:\/\/www.leedumoobel.ee\/ru\/wp-json\/wp\/v2\/media?parent=108"}],"curies":[{"name":"wp","href":"https:\/\/api.w.org\/{rel}","templated":true}]}}